{"id":2427,"date":"2017-09-08T11:53:45","date_gmt":"2017-09-08T09:53:45","guid":{"rendered":"https:\/\/www.hotelnautico.com\/dove-siamo\/"},"modified":"2019-12-09T11:15:54","modified_gmt":"2019-12-09T10:15:54","slug":"anreise","status":"publish","type":"page","link":"https:\/\/www.hotelnautico.com\/de\/anreise\/","title":{"rendered":"In Strandn\u00e4he in Cattolica"},"content":{"rendered":"<p>Stellen Sie sich einen Urlaub vor, wo alles in unmittelbarer N\u00e4he ist! Im <strong>strandnahen Hotel in Cattolica<\/strong> k\u00f6nnen Sie das Auto am Parkplatz stehen lassen <strong>und alles zu Fu\u00df bew\u00e4ltigen<\/strong> &#8211; zwischen Sonnenbaden am Strand, Aperitif bei Sonnenuntergang und Shopping in den sch\u00f6nsten L\u00e4den im Zentrum.<\/p>\n<p>Der <strong>Vertragsstrand Nummer 75 La Playa<\/strong> ist ideal, um sich in der Sonne zu entspannen, zu spielen und sich sportlich zu bet\u00e4tigen. Hier warten Pools, Whirlpool, Fitnessbereich, Spiele f\u00fcr Kinder, Bocciafeld, Volleyball und Ping-Pong. <strong>Den goldenen Strand erreichen Sie bequem mit Flip-Flops<\/strong>. \u00dcber die Via Milano, die Allee, an der das Hotel liegt, gelangen Sie direkt zur Strandpromenade.<\/p>\n<h3><a class=\"edtrack-mappa\" href=\"https:\/\/www.google.it\/maps\/place\/Hotel+Nautico\/@43.9675001,12.7323557,17.25z\/data=!4m12!1m6!3m5!1s0x132ce0c11ec007d3:0x7519e3ec1e29915c!2sHotel+Nautico!8m2!3d43.966145!4d12.732481!3m4!1s0x132ce0c11ec007d3:0x7519e3ec1e29915c!8m2!3d43.966145!4d12.732481\" target=\"_blank\" rel=\"noopener\">Anreise &gt;<\/a><\/h3>\n","protected":false},"excerpt":{"rendered":"<p>Stellen Sie sich einen Urlaub vor, wo alles in unmittelbarer N\u00e4he ist! Im strandnahen Hotel in Cattolica k\u00f6nnen Sie das Auto am Parkplatz stehen lassen und alles zu Fu\u00df bew\u00e4ltigen &#8211; zwischen Sonnenbaden am Strand, Aperitif bei Sonnenuntergang und Shopping in den sch\u00f6nsten L\u00e4den im Zentrum. Der Vertragsstrand Nummer 75 La Playa ist ideal, um sich in der Sonne zu entspannen, zu spielen und sich sportlich zu bet\u00e4tigen. Hier warten &#8230;<\/p>\n","protected":false},"author":1,"featured_media":181,"parent":0,"menu_order":0,"comment_status":"closed","ping_status":"closed","template":"","meta":{"_acf_changed":false},"class_list":["post-2427","page","type-page","status-publish","has-post-thumbnail","hentry"],"acf":[],"_links":{"self":[{"href":"https:\/\/www.hotelnautico.com\/de\/wp-json\/wp\/v2\/pages\/2427","targetHints":{"allow":["GET"]}}],"collection":[{"href":"https:\/\/www.hotelnautico.com\/de\/wp-json\/wp\/v2\/pages"}],"about":[{"href":"https:\/\/www.hotelnautico.com\/de\/wp-json\/wp\/v2\/types\/page"}],"author":[{"embeddable":true,"href":"https:\/\/www.hotelnautico.com\/de\/wp-json\/wp\/v2\/users\/1"}],"replies":[{"embeddable":true,"href":"https:\/\/www.hotelnautico.com\/de\/wp-json\/wp\/v2\/comments?post=2427"}],"version-history":[{"count":0,"href":"https:\/\/www.hotelnautico.com\/de\/wp-json\/wp\/v2\/pages\/2427\/revisions"}],"wp:featuredmedia":[{"embeddable":true,"href":"https:\/\/www.hotelnautico.com\/de\/wp-json\/"}],"wp:attachment":[{"href":"https:\/\/www.hotelnautico.com\/de\/wp-json\/wp\/v2\/media?parent=2427"}],"curies":[{"name":"wp","href":"https:\/\/api.w.org\/{rel}","templated":true}]}}