{"id":2415,"date":"2017-12-11T10:19:45","date_gmt":"2017-12-11T09:19:45","guid":{"rendered":"https:\/\/www.hotelnautico.com\/cucina\/"},"modified":"2021-12-18T11:05:29","modified_gmt":"2021-12-18T10:05:29","slug":"kueche","status":"publish","type":"page","link":"https:\/\/www.hotelnautico.com\/de\/kueche\/","title":{"rendered":"Raffinierte und leichte K\u00fcche, von der echten Tradition der ROMAGNA inspiriert"},"content":{"rendered":"<p>Einen echten Urlaub an der Riviera Romagnola zu erleben, bedeutet, jeden Moment auszukosten, besonders bei Tisch. Im Hotel Nautico <strong>servieren wir Ihnen eine authentische K\u00fcche ausschlie\u00dflich aus hochwertigen Produkten und erstklassigen Rohstoffen aus der Region<\/strong>. Die <strong>frische Pasta ist hausgemacht und wird mit dem Nudelholz ausgerollt<\/strong>, so wie es die Tradition verlangt. <strong>Tagliatelle, Lasagne, Passatelli oder Tortellini<\/strong>\u2026 jedes Nudelgericht ist eine wahrhaftige Reise in die Romagna von einst, eine Reise, die jeden Gaumen gl\u00fccklich macht.<\/p>\n<p>Sowohl mittags wie abends gibt es eine <strong>dreifache Men\u00fcauswahl<\/strong> auf Basis von Fleisch, Fisch und typischen Gerichten. Das <strong>zentrale Buffet bietet Rohkost<\/strong>, gebackenes und gegrilltes Gem\u00fcse, Salate, Vorspeisen und Beilagen. <strong>Nonna Verdiana<\/strong> wei\u00df, <strong>wie man auch die kleinsten G\u00e4ste verw\u00f6hnt<\/strong> und ist stets zur Stelle, <strong>um allen Mamas bei der Zubereitung von gesunder Babykost und k\u00f6stlichen Kindermahlzeiten<\/strong> im Urlaub zu helfen.<\/p>\n<h3>Zum Fr\u00fchst\u00fcck einen s\u00fc\u00dfen Start in den Tag<\/h3>\n<p>Sie schlafen in aller Ruhe aus und gehen dann ein Stockwerk tiefer in den <strong>klimatisierten Speisesaal<\/strong>. Hier erwartet Sie das <strong>reichhaltige, schmackhafte und vielf\u00e4ltige Fr\u00fchst\u00fccksbuffet<\/strong>. Sie finden alles, was Sie brauchen, um energiegeladen und gl\u00fccklich in den Urlaubstag zu starten. <strong>Croissants, frisch gebackene Torten<\/strong>, Kuchen, frisches Brot und Marmelade. Joghurt mit M\u00fcsli, frisches Obst, Fr\u00fcchte- und Kr\u00e4utertees. <strong>F\u00fcr all jene, die es lieber pikant m\u00f6gen: Aufschnitt, K\u00e4se, hausgemachtes Vollkornbrot<\/strong> zum Belegen. Und dazu eine Tasse <strong>guten Kaffee!<\/strong><\/p>\n<div id='gallery-1' class='gallery galleryid-2415 gallery-columns-3 gallery-size-full'><figure class='gallery-item'>\n\t\t\t<div class='gallery-icon landscape'>\n\t\t\t\t<a href='https:\/\/www.hotelnautico.com\/wp-content\/uploads\/2019\/11\/Gallery-Cucina-06-Hotel-Nautico-Cattolica.jpg' data-size=\"1000x700\"><img loading=\"lazy\" decoding=\"async\" width=\"1000\" height=\"700\" src=\"https:\/\/www.hotelnautico.com\/wp-content\/uploads\/2019\/11\/Gallery-Cucina-06-Hotel-Nautico-Cattolica.jpg\" class=\"attachment-full size-full\" alt=\"\" srcset=\"https:\/\/www.hotelnautico.com\/wp-content\/uploads\/2019\/11\/Gallery-Cucina-06-Hotel-Nautico-Cattolica.jpg 1000w, https:\/\/www.hotelnautico.com\/wp-content\/uploads\/2019\/11\/Gallery-Cucina-06-Hotel-Nautico-Cattolica-768x538.jpg 768w, https:\/\/www.hotelnautico.com\/wp-content\/uploads\/2019\/11\/Gallery-Cucina-06-Hotel-Nautico-Cattolica-57x40.jpg 57w, https:\/\/www.hotelnautico.com\/wp-content\/uploads\/2019\/11\/Gallery-Cucina-06-Hotel-Nautico-Cattolica-72x50.jpg 72w, https:\/\/www.hotelnautico.com\/wp-content\/uploads\/2019\/11\/Gallery-Cucina-06-Hotel-Nautico-Cattolica-114x80.jpg 114w, https:\/\/www.hotelnautico.com\/wp-content\/uploads\/2019\/11\/Gallery-Cucina-06-Hotel-Nautico-Cattolica-144x101.jpg 144w\" sizes=\"auto, (max-width: 1000px) 100vw, 1000px\" \/><\/a>\n\t\t\t<\/div><\/figure><figure class='gallery-item'>\n\t\t\t<div class='gallery-icon landscape'>\n\t\t\t\t<a href='https:\/\/www.hotelnautico.com\/wp-content\/uploads\/2019\/11\/Gallery-Cucina-12-Hotel-Nautico-Cattolica.jpg' data-size=\"1000x700\"><img loading=\"lazy\" decoding=\"async\" width=\"1000\" height=\"700\" src=\"https:\/\/www.hotelnautico.com\/wp-content\/uploads\/2019\/11\/Gallery-Cucina-12-Hotel-Nautico-Cattolica.jpg\" class=\"attachment-full size-full\" alt=\"\" srcset=\"https:\/\/www.hotelnautico.com\/wp-content\/uploads\/2019\/11\/Gallery-Cucina-12-Hotel-Nautico-Cattolica.jpg 1000w, https:\/\/www.hotelnautico.com\/wp-content\/uploads\/2019\/11\/Gallery-Cucina-12-Hotel-Nautico-Cattolica-768x538.jpg 768w, https:\/\/www.hotelnautico.com\/wp-content\/uploads\/2019\/11\/Gallery-Cucina-12-Hotel-Nautico-Cattolica-57x40.jpg 57w, https:\/\/www.hotelnautico.com\/wp-content\/uploads\/2019\/11\/Gallery-Cucina-12-Hotel-Nautico-Cattolica-72x50.jpg 72w, https:\/\/www.hotelnautico.com\/wp-content\/uploads\/2019\/11\/Gallery-Cucina-12-Hotel-Nautico-Cattolica-114x80.jpg 114w, https:\/\/www.hotelnautico.com\/wp-content\/uploads\/2019\/11\/Gallery-Cucina-12-Hotel-Nautico-Cattolica-144x101.jpg 144w\" sizes=\"auto, (max-width: 1000px) 100vw, 1000px\" \/><\/a>\n\t\t\t<\/div><\/figure><figure class='gallery-item'>\n\t\t\t<div class='gallery-icon landscape'>\n\t\t\t\t<a href='https:\/\/www.hotelnautico.com\/wp-content\/uploads\/2019\/11\/Gallery-Cucina-11-Hotel-Nautico-Cattolica.jpg' data-size=\"1000x700\"><img loading=\"lazy\" decoding=\"async\" width=\"1000\" height=\"700\" src=\"https:\/\/www.hotelnautico.com\/wp-content\/uploads\/2019\/11\/Gallery-Cucina-11-Hotel-Nautico-Cattolica.jpg\" class=\"attachment-full size-full\" alt=\"\" srcset=\"https:\/\/www.hotelnautico.com\/wp-content\/uploads\/2019\/11\/Gallery-Cucina-11-Hotel-Nautico-Cattolica.jpg 1000w, https:\/\/www.hotelnautico.com\/wp-content\/uploads\/2019\/11\/Gallery-Cucina-11-Hotel-Nautico-Cattolica-768x538.jpg 768w, https:\/\/www.hotelnautico.com\/wp-content\/uploads\/2019\/11\/Gallery-Cucina-11-Hotel-Nautico-Cattolica-57x40.jpg 57w, https:\/\/www.hotelnautico.com\/wp-content\/uploads\/2019\/11\/Gallery-Cucina-11-Hotel-Nautico-Cattolica-72x50.jpg 72w, https:\/\/www.hotelnautico.com\/wp-content\/uploads\/2019\/11\/Gallery-Cucina-11-Hotel-Nautico-Cattolica-114x80.jpg 114w, https:\/\/www.hotelnautico.com\/wp-content\/uploads\/2019\/11\/Gallery-Cucina-11-Hotel-Nautico-Cattolica-144x101.jpg 144w\" sizes=\"auto, (max-width: 1000px) 100vw, 1000px\" \/><\/a>\n\t\t\t<\/div><\/figure><figure class='gallery-item'>\n\t\t\t<div class='gallery-icon landscape'>\n\t\t\t\t<a href='https:\/\/www.hotelnautico.com\/wp-content\/uploads\/2019\/11\/Gallery-Cucina-13-Hotel-Nautico-Cattolica.jpg' data-size=\"1000x700\"><img loading=\"lazy\" decoding=\"async\" width=\"1000\" height=\"700\" src=\"https:\/\/www.hotelnautico.com\/wp-content\/uploads\/2019\/11\/Gallery-Cucina-13-Hotel-Nautico-Cattolica.jpg\" class=\"attachment-full size-full\" alt=\"\" srcset=\"https:\/\/www.hotelnautico.com\/wp-content\/uploads\/2019\/11\/Gallery-Cucina-13-Hotel-Nautico-Cattolica.jpg 1000w, https:\/\/www.hotelnautico.com\/wp-content\/uploads\/2019\/11\/Gallery-Cucina-13-Hotel-Nautico-Cattolica-768x538.jpg 768w, https:\/\/www.hotelnautico.com\/wp-content\/uploads\/2019\/11\/Gallery-Cucina-13-Hotel-Nautico-Cattolica-57x40.jpg 57w, https:\/\/www.hotelnautico.com\/wp-content\/uploads\/2019\/11\/Gallery-Cucina-13-Hotel-Nautico-Cattolica-72x50.jpg 72w, https:\/\/www.hotelnautico.com\/wp-content\/uploads\/2019\/11\/Gallery-Cucina-13-Hotel-Nautico-Cattolica-114x80.jpg 114w, https:\/\/www.hotelnautico.com\/wp-content\/uploads\/2019\/11\/Gallery-Cucina-13-Hotel-Nautico-Cattolica-144x101.jpg 144w\" sizes=\"auto, (max-width: 1000px) 100vw, 1000px\" \/><\/a>\n\t\t\t<\/div><\/figure><figure class='gallery-item'>\n\t\t\t<div class='gallery-icon landscape'>\n\t\t\t\t<a href='https:\/\/www.hotelnautico.com\/wp-content\/uploads\/2019\/11\/Gallery-Cucina-09-Hotel-Nautico-Cattolica.jpg' data-size=\"1000x700\"><img loading=\"lazy\" decoding=\"async\" width=\"1000\" height=\"700\" src=\"https:\/\/www.hotelnautico.com\/wp-content\/uploads\/2019\/11\/Gallery-Cucina-09-Hotel-Nautico-Cattolica.jpg\" class=\"attachment-full size-full\" alt=\"\" srcset=\"https:\/\/www.hotelnautico.com\/wp-content\/uploads\/2019\/11\/Gallery-Cucina-09-Hotel-Nautico-Cattolica.jpg 1000w, https:\/\/www.hotelnautico.com\/wp-content\/uploads\/2019\/11\/Gallery-Cucina-09-Hotel-Nautico-Cattolica-768x538.jpg 768w, https:\/\/www.hotelnautico.com\/wp-content\/uploads\/2019\/11\/Gallery-Cucina-09-Hotel-Nautico-Cattolica-57x40.jpg 57w, https:\/\/www.hotelnautico.com\/wp-content\/uploads\/2019\/11\/Gallery-Cucina-09-Hotel-Nautico-Cattolica-72x50.jpg 72w, https:\/\/www.hotelnautico.com\/wp-content\/uploads\/2019\/11\/Gallery-Cucina-09-Hotel-Nautico-Cattolica-114x80.jpg 114w, https:\/\/www.hotelnautico.com\/wp-content\/uploads\/2019\/11\/Gallery-Cucina-09-Hotel-Nautico-Cattolica-144x101.jpg 144w\" sizes=\"auto, (max-width: 1000px) 100vw, 1000px\" \/><\/a>\n\t\t\t<\/div><\/figure><figure class='gallery-item'>\n\t\t\t<div class='gallery-icon landscape'>\n\t\t\t\t<a href='https:\/\/www.hotelnautico.com\/wp-content\/uploads\/2019\/11\/Gallery-Cucina-08-Hotel-Nautico-Cattolica.jpg' data-size=\"1000x700\"><img loading=\"lazy\" decoding=\"async\" width=\"1000\" height=\"700\" src=\"https:\/\/www.hotelnautico.com\/wp-content\/uploads\/2019\/11\/Gallery-Cucina-08-Hotel-Nautico-Cattolica.jpg\" class=\"attachment-full size-full\" alt=\"\" srcset=\"https:\/\/www.hotelnautico.com\/wp-content\/uploads\/2019\/11\/Gallery-Cucina-08-Hotel-Nautico-Cattolica.jpg 1000w, https:\/\/www.hotelnautico.com\/wp-content\/uploads\/2019\/11\/Gallery-Cucina-08-Hotel-Nautico-Cattolica-768x538.jpg 768w, https:\/\/www.hotelnautico.com\/wp-content\/uploads\/2019\/11\/Gallery-Cucina-08-Hotel-Nautico-Cattolica-57x40.jpg 57w, https:\/\/www.hotelnautico.com\/wp-content\/uploads\/2019\/11\/Gallery-Cucina-08-Hotel-Nautico-Cattolica-72x50.jpg 72w, https:\/\/www.hotelnautico.com\/wp-content\/uploads\/2019\/11\/Gallery-Cucina-08-Hotel-Nautico-Cattolica-114x80.jpg 114w, https:\/\/www.hotelnautico.com\/wp-content\/uploads\/2019\/11\/Gallery-Cucina-08-Hotel-Nautico-Cattolica-144x101.jpg 144w\" sizes=\"auto, (max-width: 1000px) 100vw, 1000px\" \/><\/a>\n\t\t\t<\/div><\/figure><figure class='gallery-item'>\n\t\t\t<div class='gallery-icon landscape'>\n\t\t\t\t<a href='https:\/\/www.hotelnautico.com\/wp-content\/uploads\/2019\/11\/Gallery-Cucina-07-Hotel-Nautico-Cattolica.jpg' data-size=\"1000x700\"><img loading=\"lazy\" decoding=\"async\" width=\"1000\" height=\"700\" src=\"https:\/\/www.hotelnautico.com\/wp-content\/uploads\/2019\/11\/Gallery-Cucina-07-Hotel-Nautico-Cattolica.jpg\" class=\"attachment-full size-full\" alt=\"\" srcset=\"https:\/\/www.hotelnautico.com\/wp-content\/uploads\/2019\/11\/Gallery-Cucina-07-Hotel-Nautico-Cattolica.jpg 1000w, https:\/\/www.hotelnautico.com\/wp-content\/uploads\/2019\/11\/Gallery-Cucina-07-Hotel-Nautico-Cattolica-768x538.jpg 768w, https:\/\/www.hotelnautico.com\/wp-content\/uploads\/2019\/11\/Gallery-Cucina-07-Hotel-Nautico-Cattolica-57x40.jpg 57w, https:\/\/www.hotelnautico.com\/wp-content\/uploads\/2019\/11\/Gallery-Cucina-07-Hotel-Nautico-Cattolica-72x50.jpg 72w, https:\/\/www.hotelnautico.com\/wp-content\/uploads\/2019\/11\/Gallery-Cucina-07-Hotel-Nautico-Cattolica-114x80.jpg 114w, https:\/\/www.hotelnautico.com\/wp-content\/uploads\/2019\/11\/Gallery-Cucina-07-Hotel-Nautico-Cattolica-144x101.jpg 144w\" sizes=\"auto, (max-width: 1000px) 100vw, 1000px\" \/><\/a>\n\t\t\t<\/div><\/figure><figure class='gallery-item'>\n\t\t\t<div class='gallery-icon landscape'>\n\t\t\t\t<a href='https:\/\/www.hotelnautico.com\/wp-content\/uploads\/2019\/11\/Gallery-Cucina-10-Hotel-Nautico-Cattolica.jpg' data-size=\"1000x700\"><img loading=\"lazy\" decoding=\"async\" width=\"1000\" height=\"700\" src=\"https:\/\/www.hotelnautico.com\/wp-content\/uploads\/2019\/11\/Gallery-Cucina-10-Hotel-Nautico-Cattolica.jpg\" class=\"attachment-full size-full\" alt=\"\" srcset=\"https:\/\/www.hotelnautico.com\/wp-content\/uploads\/2019\/11\/Gallery-Cucina-10-Hotel-Nautico-Cattolica.jpg 1000w, https:\/\/www.hotelnautico.com\/wp-content\/uploads\/2019\/11\/Gallery-Cucina-10-Hotel-Nautico-Cattolica-768x538.jpg 768w, https:\/\/www.hotelnautico.com\/wp-content\/uploads\/2019\/11\/Gallery-Cucina-10-Hotel-Nautico-Cattolica-57x40.jpg 57w, https:\/\/www.hotelnautico.com\/wp-content\/uploads\/2019\/11\/Gallery-Cucina-10-Hotel-Nautico-Cattolica-72x50.jpg 72w, https:\/\/www.hotelnautico.com\/wp-content\/uploads\/2019\/11\/Gallery-Cucina-10-Hotel-Nautico-Cattolica-114x80.jpg 114w, https:\/\/www.hotelnautico.com\/wp-content\/uploads\/2019\/11\/Gallery-Cucina-10-Hotel-Nautico-Cattolica-144x101.jpg 144w\" sizes=\"auto, (max-width: 1000px) 100vw, 1000px\" \/><\/a>\n\t\t\t<\/div><\/figure>\n\t\t<\/div>\n\n","protected":false},"excerpt":{"rendered":"<p>Einen echten Urlaub an der Riviera Romagnola zu erleben, bedeutet, jeden Moment auszukosten, besonders bei Tisch. Im Hotel Nautico servieren wir Ihnen eine authentische K\u00fcche ausschlie\u00dflich aus hochwertigen Produkten und erstklassigen Rohstoffen aus der Region. Die frische Pasta ist hausgemacht und wird mit dem Nudelholz ausgerollt, so wie es die Tradition verlangt. Tagliatelle, Lasagne, Passatelli oder Tortellini\u2026 jedes Nudelgericht ist eine wahrhaftige Reise in die Romagna von einst, eine Reise, &#8230;<\/p>\n","protected":false},"author":1,"featured_media":0,"parent":0,"menu_order":0,"comment_status":"closed","ping_status":"closed","template":"","meta":{"_acf_changed":false},"class_list":["post-2415","page","type-page","status-publish","hentry"],"acf":[],"_links":{"self":[{"href":"https:\/\/www.hotelnautico.com\/de\/wp-json\/wp\/v2\/pages\/2415","targetHints":{"allow":["GET"]}}],"collection":[{"href":"https:\/\/www.hotelnautico.com\/de\/wp-json\/wp\/v2\/pages"}],"about":[{"href":"https:\/\/www.hotelnautico.com\/de\/wp-json\/wp\/v2\/types\/page"}],"author":[{"embeddable":true,"href":"https:\/\/www.hotelnautico.com\/de\/wp-json\/wp\/v2\/users\/1"}],"replies":[{"embeddable":true,"href":"https:\/\/www.hotelnautico.com\/de\/wp-json\/wp\/v2\/comments?post=2415"}],"version-history":[{"count":0,"href":"https:\/\/www.hotelnautico.com\/de\/wp-json\/wp\/v2\/pages\/2415\/revisions"}],"wp:attachment":[{"href":"https:\/\/www.hotelnautico.com\/de\/wp-json\/wp\/v2\/media?parent=2415"}],"curies":[{"name":"wp","href":"https:\/\/api.w.org\/{rel}","templated":true}]}}