{"id":2411,"date":"2019-05-09T15:36:39","date_gmt":"2019-05-09T13:36:39","guid":{"rendered":"https:\/\/www.hotelnautico.com\/famiglia\/"},"modified":"2022-07-28T16:50:23","modified_gmt":"2022-07-28T14:50:23","slug":"familie","status":"publish","type":"page","link":"https:\/\/www.hotelnautico.com\/de\/familie\/","title":{"rendered":"Hallo, ich bin Alessandra und das ist meine Familie"},"content":{"rendered":"<p>Ich hei\u00dfe Alessandra und das <strong>Hotel Nautico ist seit 1969 im Besitz meiner Familie<\/strong>. Zuerst geh\u00f6rte es meiner Mama Verdiana. Ab 1972, nach der Heirat mit meinem Papa Carlo, f\u00fchrten sie das Hotel zuerst als Paar, dann als Familie.<\/p>\n<p><strong>Ich bin hier drinnen aufgewachsen<\/strong>, zwischen liebevollen Umarmungen von <strong>zahlreichen G\u00e4sten, die uns schon seit Urzeiten besuchen<\/strong> (ein Paar hat seit 1969 keinen Sommer ausgelassen!). Mit der Zeit wurde das Hotel Nautico <strong>erweitert und umgebaut<\/strong>, ich habe versucht, meinen Weg zu gehen, hatte aber immer ein Standbein hier. Meine Arbeit erf\u00fcllte mich, aber ich trug das Hotel weiter im Herzen, bis ich schlie\u00dflich beschloss, ganz hier zu arbeiten. Vielleicht, weil ich Einzelkind bin und das Hotel zur Familie geh\u00f6rt&#8230; wie ein Bruder!<\/p>\n<p>Heute habe ich das Gl\u00fcck, an diesem Urlaubsort auch meine Kinder gro\u00dfzuziehen: Luca, Agata und Anita, das Maskottchen des Hotels. Mein Mann Filippo hilft mir abends und am Wochenende, wertvolle St\u00fctze und <strong>erfahrener Ratgeber<\/strong> f\u00fcr alle <strong>G\u00e4ste, die wie er Mountainbike-Fans<\/strong> sind.<\/p>\n<p>Bis heute sind <strong>Mama Verdiana und Papa Carlo die zwei tragenden S\u00e4ulen des Nautico<\/strong>. Die eine stets gesch\u00e4ftig <strong>in der K\u00fcche<\/strong> (auch die Kleinsten lieben ihre Gerichte!), der andere unentbehrlich, um <strong>alles unter Kontrolle zu halten und den G\u00e4sten die W\u00fcnsche von den Augen abzulesen!<\/strong> Ich wiederum <strong>stehe an der Rezeption, um Sie beim Check-In willkommen zu hei\u00dfen<\/strong> und ein bisschen mit Ihnen zu plaudern. Fragen Sie mich nach den besten Einkaufsl\u00e4den in Cattolica und ich h\u00f6re nicht mehr zu reden auf\u2026 <strong>Mode ist eine meiner gro\u00dfen Leidenschaften!<\/strong><\/p>\n<div id='gallery-1' class='gallery galleryid-2411 gallery-columns-3 gallery-size-full'><figure class='gallery-item'>\n\t\t\t<div class='gallery-icon landscape'>\n\t\t\t\t<a href='https:\/\/www.hotelnautico.com\/wp-content\/uploads\/2019\/06\/Gallery-Family-01Hotel-Nautico-Cattolica.jpg' data-size=\"1000x700\"><img loading=\"lazy\" decoding=\"async\" width=\"1000\" height=\"700\" src=\"https:\/\/www.hotelnautico.com\/wp-content\/uploads\/2019\/06\/Gallery-Family-01Hotel-Nautico-Cattolica.jpg\" class=\"attachment-full size-full\" alt=\"\" srcset=\"https:\/\/www.hotelnautico.com\/wp-content\/uploads\/2019\/06\/Gallery-Family-01Hotel-Nautico-Cattolica.jpg 1000w, https:\/\/www.hotelnautico.com\/wp-content\/uploads\/2019\/06\/Gallery-Family-01Hotel-Nautico-Cattolica-768x538.jpg 768w, https:\/\/www.hotelnautico.com\/wp-content\/uploads\/2019\/06\/Gallery-Family-01Hotel-Nautico-Cattolica-57x40.jpg 57w, https:\/\/www.hotelnautico.com\/wp-content\/uploads\/2019\/06\/Gallery-Family-01Hotel-Nautico-Cattolica-72x50.jpg 72w, https:\/\/www.hotelnautico.com\/wp-content\/uploads\/2019\/06\/Gallery-Family-01Hotel-Nautico-Cattolica-114x80.jpg 114w, https:\/\/www.hotelnautico.com\/wp-content\/uploads\/2019\/06\/Gallery-Family-01Hotel-Nautico-Cattolica-144x101.jpg 144w\" sizes=\"auto, (max-width: 1000px) 100vw, 1000px\" \/><\/a>\n\t\t\t<\/div><\/figure><figure class='gallery-item'>\n\t\t\t<div class='gallery-icon landscape'>\n\t\t\t\t<a href='https:\/\/www.hotelnautico.com\/wp-content\/uploads\/2022\/07\/gallery_famiglia.jpg' data-size=\"1000x700\"><img loading=\"lazy\" decoding=\"async\" width=\"1000\" height=\"700\" src=\"https:\/\/www.hotelnautico.com\/wp-content\/uploads\/2022\/07\/gallery_famiglia.jpg\" class=\"attachment-full size-full\" alt=\"\" srcset=\"https:\/\/www.hotelnautico.com\/wp-content\/uploads\/2022\/07\/gallery_famiglia.jpg 1000w, https:\/\/www.hotelnautico.com\/wp-content\/uploads\/2022\/07\/gallery_famiglia-768x538.jpg 768w, https:\/\/www.hotelnautico.com\/wp-content\/uploads\/2022\/07\/gallery_famiglia-57x40.jpg 57w, https:\/\/www.hotelnautico.com\/wp-content\/uploads\/2022\/07\/gallery_famiglia-72x50.jpg 72w, https:\/\/www.hotelnautico.com\/wp-content\/uploads\/2022\/07\/gallery_famiglia-114x80.jpg 114w, https:\/\/www.hotelnautico.com\/wp-content\/uploads\/2022\/07\/gallery_famiglia-144x101.jpg 144w\" sizes=\"auto, (max-width: 1000px) 100vw, 1000px\" \/><\/a>\n\t\t\t<\/div><\/figure><figure class='gallery-item'>\n\t\t\t<div class='gallery-icon landscape'>\n\t\t\t\t<a href='https:\/\/www.hotelnautico.com\/wp-content\/uploads\/2022\/07\/gallery_famiglia2.jpg' data-size=\"1000x700\"><img loading=\"lazy\" decoding=\"async\" width=\"1000\" height=\"700\" src=\"https:\/\/www.hotelnautico.com\/wp-content\/uploads\/2022\/07\/gallery_famiglia2.jpg\" class=\"attachment-full size-full\" alt=\"\" srcset=\"https:\/\/www.hotelnautico.com\/wp-content\/uploads\/2022\/07\/gallery_famiglia2.jpg 1000w, https:\/\/www.hotelnautico.com\/wp-content\/uploads\/2022\/07\/gallery_famiglia2-768x538.jpg 768w, https:\/\/www.hotelnautico.com\/wp-content\/uploads\/2022\/07\/gallery_famiglia2-57x40.jpg 57w, https:\/\/www.hotelnautico.com\/wp-content\/uploads\/2022\/07\/gallery_famiglia2-72x50.jpg 72w, https:\/\/www.hotelnautico.com\/wp-content\/uploads\/2022\/07\/gallery_famiglia2-114x80.jpg 114w, https:\/\/www.hotelnautico.com\/wp-content\/uploads\/2022\/07\/gallery_famiglia2-144x101.jpg 144w\" sizes=\"auto, (max-width: 1000px) 100vw, 1000px\" \/><\/a>\n\t\t\t<\/div><\/figure><figure class='gallery-item'>\n\t\t\t<div class='gallery-icon landscape'>\n\t\t\t\t<a href='https:\/\/www.hotelnautico.com\/wp-content\/uploads\/2022\/07\/gallery_famiglia3.jpg' data-size=\"1000x700\"><img loading=\"lazy\" decoding=\"async\" width=\"1000\" height=\"700\" src=\"https:\/\/www.hotelnautico.com\/wp-content\/uploads\/2022\/07\/gallery_famiglia3.jpg\" class=\"attachment-full size-full\" alt=\"\" srcset=\"https:\/\/www.hotelnautico.com\/wp-content\/uploads\/2022\/07\/gallery_famiglia3.jpg 1000w, https:\/\/www.hotelnautico.com\/wp-content\/uploads\/2022\/07\/gallery_famiglia3-768x538.jpg 768w, https:\/\/www.hotelnautico.com\/wp-content\/uploads\/2022\/07\/gallery_famiglia3-57x40.jpg 57w, https:\/\/www.hotelnautico.com\/wp-content\/uploads\/2022\/07\/gallery_famiglia3-72x50.jpg 72w, https:\/\/www.hotelnautico.com\/wp-content\/uploads\/2022\/07\/gallery_famiglia3-114x80.jpg 114w, https:\/\/www.hotelnautico.com\/wp-content\/uploads\/2022\/07\/gallery_famiglia3-144x101.jpg 144w\" sizes=\"auto, (max-width: 1000px) 100vw, 1000px\" \/><\/a>\n\t\t\t<\/div><\/figure><figure class='gallery-item'>\n\t\t\t<div class='gallery-icon landscape'>\n\t\t\t\t<a href='https:\/\/www.hotelnautico.com\/wp-content\/uploads\/2022\/07\/gallery_famiglia4.jpg' data-size=\"1000x700\"><img loading=\"lazy\" decoding=\"async\" width=\"1000\" height=\"700\" src=\"https:\/\/www.hotelnautico.com\/wp-content\/uploads\/2022\/07\/gallery_famiglia4.jpg\" class=\"attachment-full size-full\" alt=\"\" srcset=\"https:\/\/www.hotelnautico.com\/wp-content\/uploads\/2022\/07\/gallery_famiglia4.jpg 1000w, https:\/\/www.hotelnautico.com\/wp-content\/uploads\/2022\/07\/gallery_famiglia4-768x538.jpg 768w, https:\/\/www.hotelnautico.com\/wp-content\/uploads\/2022\/07\/gallery_famiglia4-57x40.jpg 57w, https:\/\/www.hotelnautico.com\/wp-content\/uploads\/2022\/07\/gallery_famiglia4-72x50.jpg 72w, https:\/\/www.hotelnautico.com\/wp-content\/uploads\/2022\/07\/gallery_famiglia4-114x80.jpg 114w, https:\/\/www.hotelnautico.com\/wp-content\/uploads\/2022\/07\/gallery_famiglia4-144x101.jpg 144w\" sizes=\"auto, (max-width: 1000px) 100vw, 1000px\" \/><\/a>\n\t\t\t<\/div><\/figure><figure class='gallery-item'>\n\t\t\t<div class='gallery-icon landscape'>\n\t\t\t\t<a href='https:\/\/www.hotelnautico.com\/wp-content\/uploads\/2022\/07\/gallery_famiglia5.jpg' data-size=\"1000x700\"><img loading=\"lazy\" decoding=\"async\" width=\"1000\" height=\"700\" src=\"https:\/\/www.hotelnautico.com\/wp-content\/uploads\/2022\/07\/gallery_famiglia5.jpg\" class=\"attachment-full size-full\" alt=\"\" srcset=\"https:\/\/www.hotelnautico.com\/wp-content\/uploads\/2022\/07\/gallery_famiglia5.jpg 1000w, https:\/\/www.hotelnautico.com\/wp-content\/uploads\/2022\/07\/gallery_famiglia5-768x538.jpg 768w, https:\/\/www.hotelnautico.com\/wp-content\/uploads\/2022\/07\/gallery_famiglia5-57x40.jpg 57w, https:\/\/www.hotelnautico.com\/wp-content\/uploads\/2022\/07\/gallery_famiglia5-72x50.jpg 72w, https:\/\/www.hotelnautico.com\/wp-content\/uploads\/2022\/07\/gallery_famiglia5-114x80.jpg 114w, https:\/\/www.hotelnautico.com\/wp-content\/uploads\/2022\/07\/gallery_famiglia5-144x101.jpg 144w\" sizes=\"auto, (max-width: 1000px) 100vw, 1000px\" \/><\/a>\n\t\t\t<\/div><\/figure><figure class='gallery-item'>\n\t\t\t<div class='gallery-icon landscape'>\n\t\t\t\t<a href='https:\/\/www.hotelnautico.com\/wp-content\/uploads\/2022\/07\/gallery_famiglia6.jpg' data-size=\"1000x700\"><img loading=\"lazy\" decoding=\"async\" width=\"1000\" height=\"700\" src=\"https:\/\/www.hotelnautico.com\/wp-content\/uploads\/2022\/07\/gallery_famiglia6.jpg\" class=\"attachment-full size-full\" alt=\"\" srcset=\"https:\/\/www.hotelnautico.com\/wp-content\/uploads\/2022\/07\/gallery_famiglia6.jpg 1000w, https:\/\/www.hotelnautico.com\/wp-content\/uploads\/2022\/07\/gallery_famiglia6-768x538.jpg 768w, https:\/\/www.hotelnautico.com\/wp-content\/uploads\/2022\/07\/gallery_famiglia6-57x40.jpg 57w, https:\/\/www.hotelnautico.com\/wp-content\/uploads\/2022\/07\/gallery_famiglia6-72x50.jpg 72w, https:\/\/www.hotelnautico.com\/wp-content\/uploads\/2022\/07\/gallery_famiglia6-114x80.jpg 114w, https:\/\/www.hotelnautico.com\/wp-content\/uploads\/2022\/07\/gallery_famiglia6-144x101.jpg 144w\" sizes=\"auto, (max-width: 1000px) 100vw, 1000px\" \/><\/a>\n\t\t\t<\/div><\/figure>\n\t\t<\/div>\n\n","protected":false},"excerpt":{"rendered":"<p>Ich hei\u00dfe Alessandra und das Hotel Nautico ist seit 1969 im Besitz meiner Familie. Zuerst geh\u00f6rte es meiner Mama Verdiana. Ab 1972, nach der Heirat mit meinem Papa Carlo, f\u00fchrten sie das Hotel zuerst als Paar, dann als Familie. Ich bin hier drinnen aufgewachsen, zwischen liebevollen Umarmungen von zahlreichen G\u00e4sten, die uns schon seit Urzeiten besuchen (ein Paar hat seit 1969 keinen Sommer ausgelassen!). Mit der Zeit wurde das Hotel &#8230;<\/p>\n","protected":false},"author":1,"featured_media":0,"parent":0,"menu_order":0,"comment_status":"closed","ping_status":"closed","template":"","meta":{"_acf_changed":false},"class_list":["post-2411","page","type-page","status-publish","hentry"],"acf":[],"_links":{"self":[{"href":"https:\/\/www.hotelnautico.com\/de\/wp-json\/wp\/v2\/pages\/2411","targetHints":{"allow":["GET"]}}],"collection":[{"href":"https:\/\/www.hotelnautico.com\/de\/wp-json\/wp\/v2\/pages"}],"about":[{"href":"https:\/\/www.hotelnautico.com\/de\/wp-json\/wp\/v2\/types\/page"}],"author":[{"embeddable":true,"href":"https:\/\/www.hotelnautico.com\/de\/wp-json\/wp\/v2\/users\/1"}],"replies":[{"embeddable":true,"href":"https:\/\/www.hotelnautico.com\/de\/wp-json\/wp\/v2\/comments?post=2411"}],"version-history":[{"count":0,"href":"https:\/\/www.hotelnautico.com\/de\/wp-json\/wp\/v2\/pages\/2411\/revisions"}],"wp:attachment":[{"href":"https:\/\/www.hotelnautico.com\/de\/wp-json\/wp\/v2\/media?parent=2411"}],"curies":[{"name":"wp","href":"https:\/\/api.w.org\/{rel}","templated":true}]}}