{"id":2407,"date":"2018-08-30T10:09:57","date_gmt":"2018-08-30T08:09:57","guid":{"rendered":"https:\/\/www.hotelnautico.com\/pagina-di-esempio\/"},"modified":"2019-12-09T09:55:14","modified_gmt":"2019-12-09T08:55:14","slug":"pagina-di-esempio","status":"publish","type":"page","link":"https:\/\/www.hotelnautico.com\/de\/","title":{"rendered":"Ihr Hotel in Cattolica, wo Sie sich wie in einer Familie f\u00fchlen"},"content":{"rendered":"<p>Im <strong>nur 200 Meter vom Strand<\/strong> entfernten 3-Stern-Hotel Nautico in Cattolica erwartet Sie eine Familie. Es ist <strong>die Familie Ugolini, die seit 50 Jahren alles daran setzt<\/strong>, den G\u00e4sten <strong>kostbare Tage der Entspannung<\/strong> zu bieten.<\/p>\n<p>Gastfreundschaft, die aus einfachen Dingen und ma\u00dfgeschneiderten Aufmerksamkeiten besteht. Hier sp\u00fcren Sie die <strong>echte Herzlichkeit der Romagna und bekommen die authentische K\u00fcche von Nonna Verdiana<\/strong> mit Gerichten serviert, die noch genauso schmecken, wie damals.<\/p>\n<p>Im <strong>strandnahen Nautico Hotel in Cattolica<\/strong> ist die Ankunft unkompliziert, auch nach einer langen Anreise: <strong>Sie k\u00f6nnen Ihr Auto auf dem video\u00fcberwachten Parkplatz stehen lassen<\/strong>, dessen Betreiber ein Vertragspartner des Hotels ist. Zur\u00fcck bringt Sie sp\u00e4ter ein Shuttle!<\/p>\n","protected":false},"excerpt":{"rendered":"<p>Im nur 200 Meter vom Strand entfernten 3-Stern-Hotel Nautico in Cattolica erwartet Sie eine Familie. Es ist die Familie Ugolini, die seit 50 Jahren alles daran setzt, den G\u00e4sten kostbare Tage der Entspannung zu bieten. Gastfreundschaft, die aus einfachen Dingen und ma\u00dfgeschneiderten Aufmerksamkeiten besteht. Hier sp\u00fcren Sie die echte Herzlichkeit der Romagna und bekommen die authentische K\u00fcche von Nonna Verdiana mit Gerichten serviert, die noch genauso schmecken, wie damals. Im &#8230;<\/p>\n","protected":false},"author":1,"featured_media":0,"parent":0,"menu_order":0,"comment_status":"closed","ping_status":"closed","template":"","meta":{"_acf_changed":false},"class_list":["post-2407","page","type-page","status-publish","hentry"],"acf":[],"_links":{"self":[{"href":"https:\/\/www.hotelnautico.com\/de\/wp-json\/wp\/v2\/pages\/2407","targetHints":{"allow":["GET"]}}],"collection":[{"href":"https:\/\/www.hotelnautico.com\/de\/wp-json\/wp\/v2\/pages"}],"about":[{"href":"https:\/\/www.hotelnautico.com\/de\/wp-json\/wp\/v2\/types\/page"}],"author":[{"embeddable":true,"href":"https:\/\/www.hotelnautico.com\/de\/wp-json\/wp\/v2\/users\/1"}],"replies":[{"embeddable":true,"href":"https:\/\/www.hotelnautico.com\/de\/wp-json\/wp\/v2\/comments?post=2407"}],"version-history":[{"count":0,"href":"https:\/\/www.hotelnautico.com\/de\/wp-json\/wp\/v2\/pages\/2407\/revisions"}],"wp:attachment":[{"href":"https:\/\/www.hotelnautico.com\/de\/wp-json\/wp\/v2\/media?parent=2407"}],"curies":[{"name":"wp","href":"https:\/\/api.w.org\/{rel}","templated":true}]}}